{"id":11952,"date":"2020-06-03T18:37:38","date_gmt":"2020-06-04T01:37:38","guid":{"rendered":"https:\/\/realoptions.net\/?page_id=11952"},"modified":"2026-01-28T23:42:35","modified_gmt":"2026-01-29T07:42:35","slug":"inicio","status":"publish","type":"page","link":"https:\/\/realoptions.clmstaging.com\/es\/","title":{"rendered":"Inicio"},"content":{"rendered":"","protected":false},"excerpt":{"rendered":"","protected":false},"author":11,"featured_media":14271,"parent":0,"menu_order":0,"comment_status":"closed","ping_status":"closed","template":"views\/template-front.blade.php","meta":{"_acf_changed":false,"footnotes":"","_links_to":"","_links_to_target":""},"class_list":["post-11952","page","type-page","status-publish","has-post-thumbnail","hentry"],"acf":[],"yoast_head":"<!-- This site is optimized with the Yoast SEO plugin v27.1.1 - https:\/\/yoast.com\/product\/yoast-seo-wordpress\/ -->\n<title>Cl\u00ednica m\u00e9dica RealOptions Obria | San Jos\u00e9, Oakland y Union City<\/title>\n<meta name=\"description\" content=\"Consultas sobre aborto, pruebas de embarazo, pruebas y tratamientos de ITS y ex\u00e1menes de salud para mujeres en Oakland, Redwood City, San Jos\u00e9 y Union City.\" \/>\n<meta name=\"robots\" content=\"index, follow, max-snippet:-1, max-image-preview:large, max-video-preview:-1\" \/>\n<link rel=\"canonical\" href=\"https:\/\/realoptions.clmstaging.com\/es\/\" \/>\n<meta property=\"og:locale\" content=\"es_ES\" \/>\n<meta property=\"og:type\" content=\"article\" \/>\n<meta property=\"og:title\" content=\"Cl\u00ednica m\u00e9dica RealOptions Obria | San Jos\u00e9, Oakland y Union City\" \/>\n<meta property=\"og:description\" content=\"Consultas sobre aborto, pruebas de embarazo, pruebas y tratamientos de ITS y ex\u00e1menes de salud para mujeres en Oakland, Redwood City, San Jos\u00e9 y Union City.\" \/>\n<meta property=\"og:url\" content=\"https:\/\/realoptions.clmstaging.com\/es\/\" \/>\n<meta property=\"og:site_name\" content=\"RealOptions Obria Medical Clinic\" \/>\n<meta property=\"article:publisher\" content=\"https:\/\/www.facebook.com\/realoptions.centralsanjose\/\" \/>\n<meta property=\"article:modified_time\" content=\"2026-01-29T07:42:35+00:00\" \/>\n<meta property=\"og:image\" content=\"https:\/\/realoptions.net\/wp-content\/uploads\/2025\/12\/African-american-young-woman-thinking.jpg\" \/>\n\t<meta property=\"og:image:width\" content=\"1500\" \/>\n\t<meta property=\"og:image:height\" content=\"1000\" \/>\n\t<meta property=\"og:image:type\" content=\"image\/jpeg\" \/>\n<meta name=\"twitter:card\" content=\"summary_large_image\" \/>\n<meta name=\"twitter:label1\" content=\"Tiempo de lectura\" \/>\n\t<meta name=\"twitter:data1\" content=\"1 minuto\" \/>\n<!-- \/ Yoast SEO plugin. -->","yoast_head_json":{"title":"Cl\u00ednica m\u00e9dica RealOptions Obria | San Jos\u00e9, Oakland y Union City","description":"Consultas sobre aborto, pruebas de embarazo, pruebas y tratamientos de ITS y ex\u00e1menes de salud para mujeres en Oakland, Redwood City, San Jos\u00e9 y Union City.","robots":{"index":"index","follow":"follow","max-snippet":"max-snippet:-1","max-image-preview":"max-image-preview:large","max-video-preview":"max-video-preview:-1"},"canonical":"https:\/\/realoptions.clmstaging.com\/es\/","og_locale":"es_ES","og_type":"article","og_title":"Cl\u00ednica m\u00e9dica RealOptions Obria | San Jos\u00e9, Oakland y Union City","og_description":"Consultas sobre aborto, pruebas de embarazo, pruebas y tratamientos de ITS y ex\u00e1menes de salud para mujeres en Oakland, Redwood City, San Jos\u00e9 y Union City.","og_url":"https:\/\/realoptions.clmstaging.com\/es\/","og_site_name":"RealOptions Obria Medical Clinic","article_publisher":"https:\/\/www.facebook.com\/realoptions.centralsanjose\/","article_modified_time":"2026-01-29T07:42:35+00:00","og_image":[{"width":1500,"height":1000,"url":"https:\/\/realoptions.net\/wp-content\/uploads\/2025\/12\/African-american-young-woman-thinking.jpg","type":"image\/jpeg"}],"twitter_card":"summary_large_image","twitter_misc":{"Tiempo de lectura":"1 minuto"},"schema":{"@context":"https:\/\/schema.org","@graph":[{"@type":"WebPage","@id":"https:\/\/realoptions.clmstaging.com\/es\/","url":"https:\/\/realoptions.clmstaging.com\/es\/","name":"Cl\u00ednica m\u00e9dica RealOptions Obria | San Jos\u00e9, Oakland y Union City","isPartOf":{"@id":"https:\/\/realoptions.net\/#website"},"primaryImageOfPage":{"@id":"https:\/\/realoptions.clmstaging.com\/es\/#primaryimage"},"image":{"@id":"https:\/\/realoptions.clmstaging.com\/es\/#primaryimage"},"thumbnailUrl":"https:\/\/realoptions.clmstaging.com\/wp-content\/uploads\/2025\/12\/African-american-young-woman-thinking.jpg","datePublished":"2020-06-04T01:37:38+00:00","dateModified":"2026-01-29T07:42:35+00:00","description":"Consultas sobre aborto, pruebas de embarazo, pruebas y tratamientos de ITS y ex\u00e1menes de salud para mujeres en Oakland, Redwood City, San Jos\u00e9 y Union City.","breadcrumb":{"@id":"https:\/\/realoptions.clmstaging.com\/es\/#breadcrumb"},"inLanguage":"es","potentialAction":[{"@type":"ReadAction","target":["https:\/\/realoptions.clmstaging.com\/es\/"]}]},{"@type":"ImageObject","inLanguage":"es","@id":"https:\/\/realoptions.clmstaging.com\/es\/#primaryimage","url":"https:\/\/realoptions.clmstaging.com\/wp-content\/uploads\/2025\/12\/African-american-young-woman-thinking.jpg","contentUrl":"https:\/\/realoptions.clmstaging.com\/wp-content\/uploads\/2025\/12\/African-american-young-woman-thinking.jpg","width":1500,"height":1000,"caption":"African american young woman thinking"},{"@type":"BreadcrumbList","@id":"https:\/\/realoptions.clmstaging.com\/es\/#breadcrumb","itemListElement":[{"@type":"ListItem","position":1,"name":"Home","item":"https:\/\/realoptions.net\/es\/"},{"@type":"ListItem","position":2,"name":"Inicio"}]},{"@type":"WebSite","@id":"https:\/\/realoptions.net\/#website","url":"https:\/\/realoptions.net\/","name":"RealOptions Obria Medical Clinic","description":"","publisher":{"@id":"https:\/\/realoptions.net\/#organization"},"potentialAction":[{"@type":"SearchAction","target":{"@type":"EntryPoint","urlTemplate":"https:\/\/realoptions.net\/?s={search_term_string}"},"query-input":{"@type":"PropertyValueSpecification","valueRequired":true,"valueName":"search_term_string"}}],"inLanguage":"es"},{"@type":"Organization","@id":"https:\/\/realoptions.net\/#organization","name":"Real Options Obria Medical Clinics","url":"https:\/\/realoptions.net\/","logo":{"@type":"ImageObject","inLanguage":"es","@id":"https:\/\/realoptions.net\/#\/schema\/logo\/image\/","url":"https:\/\/realoptions.net\/wp-content\/uploads\/2022\/04\/branding.webp","contentUrl":"https:\/\/realoptions.net\/wp-content\/uploads\/2022\/04\/branding.webp","width":450,"height":155,"caption":"Real Options Obria Medical Clinics"},"image":{"@id":"https:\/\/realoptions.net\/#\/schema\/logo\/image\/"},"sameAs":["https:\/\/www.facebook.com\/realoptions.centralsanjose\/"]}]}},"_links":{"self":[{"href":"https:\/\/realoptions.clmstaging.com\/es\/wp-json\/wp\/v2\/pages\/11952","targetHints":{"allow":["GET"]}}],"collection":[{"href":"https:\/\/realoptions.clmstaging.com\/es\/wp-json\/wp\/v2\/pages"}],"about":[{"href":"https:\/\/realoptions.clmstaging.com\/es\/wp-json\/wp\/v2\/types\/page"}],"author":[{"embeddable":true,"href":"https:\/\/realoptions.clmstaging.com\/es\/wp-json\/wp\/v2\/users\/11"}],"replies":[{"embeddable":true,"href":"https:\/\/realoptions.clmstaging.com\/es\/wp-json\/wp\/v2\/comments?post=11952"}],"version-history":[{"count":9,"href":"https:\/\/realoptions.clmstaging.com\/es\/wp-json\/wp\/v2\/pages\/11952\/revisions"}],"predecessor-version":[{"id":14306,"href":"https:\/\/realoptions.clmstaging.com\/es\/wp-json\/wp\/v2\/pages\/11952\/revisions\/14306"}],"wp:featuredmedia":[{"embeddable":true,"href":"https:\/\/realoptions.clmstaging.com\/es\/wp-json\/wp\/v2\/media\/14271"}],"wp:attachment":[{"href":"https:\/\/realoptions.clmstaging.com\/es\/wp-json\/wp\/v2\/media?parent=11952"}],"curies":[{"name":"wp","href":"https:\/\/api.w.org\/{rel}","templated":true}]}}